{"id":21,"date":"2021-05-13T02:45:54","date_gmt":"2021-05-13T00:45:54","guid":{"rendered":"http:\/\/www.quieryavenir.fr\/blog\/?page_id=21"},"modified":"2026-03-04T16:08:51","modified_gmt":"2026-03-04T15:08:51","slug":"accueil","status":"publish","type":"page","link":"https:\/\/www.quieryavenir.fr\/blog\/","title":{"rendered":"Accueil"},"content":{"rendered":"<p>&nbsp;<\/p>\n<p style=\"text-align: center;\">On est pass\u00e9s du gouvernement des hommes \u00e0 la gestion technicienne du cheptel humain<\/p>\n<p>???<\/p>\n<p style=\"text-align: center;\"><span style=\"color: #000000;\"><span style=\"font-family: Comic Sans MS, Chalkboard, cursive;\"><span style=\"font-size: large;\">Ils ont invent\u00e9 des machines pour gagner du temps, mais maintenant <\/span><\/span><\/span><\/p>\n<p style=\"text-align: center;\"><span style=\"color: #000000;\"><span style=\"font-family: Comic Sans MS, Chalkboard, cursive;\"><span style=\"font-size: large;\">ils passent tout leur temps \u00e0 regarder les machines .<\/span><\/span><\/span><\/p>\n<p>&nbsp;<\/p>\n<p><strong>???<\/strong><\/p>\n<p style=\"text-align: center;\"><em>Je ne perds jamais : soit je gagne, soit j&rsquo;apprends <\/em><\/p>\n<p style=\"text-align: left;\"><strong><em>Nelson Mandela<\/em><\/strong><\/p>\n<p style=\"text-align: center;\"><em>\u00ab\u00a0Le fascisme, \u00e7a commence avec les fous, \u00e7a se r\u00e9alise gr\u00e2ce aux salauds et \u00e7a continue \u00e0 cause des cons<\/em>\u00ab\u00a0<\/p>\n<p><strong>Hugues Jallon<\/strong><\/p>\n<p style=\"text-align: center;\"><em>\u00ab\u00a0Je crains le jour o\u00f9 la technologie surpassera nos \u00e9changes humains.<\/em><\/p>\n<p style=\"text-align: center;\"><em>\u00a0Le monde aura une g\u00e9n\u00e9ration d&rsquo;idiots\u00a0\u00bb<\/em><\/p>\n<p><strong>Albert Einstein\u00a0<\/strong><\/p>\n<p style=\"text-align: center;\"><em>\u00ab\u00a0\u00a0Le pouvoir exige des corps tristes. Le pouvoir a besoin de tristesse parce qu\u2019il peut la dominer. <\/em><\/p>\n<p style=\"text-align: center;\"><em>La joie par cons\u00e9quent est r\u00e9sistance parce qu\u2019elle n\u2019abandonne pas. <\/em><\/p>\n<p style=\"text-align: center;\"><em>La joie en tant que puissance de vie nous emm\u00e8ne dans des endroits o\u00f9 la tristesse ne nous m\u00e8nerait jamais.<\/em><\/p>\n<p style=\"text-align: center;\"><em> Le syst\u00e8me nous veut triste et il nous faut arriver \u00e0 \u00eatre joyeux pour lui r\u00e9sister.\u00a0\u00bb<\/em><\/p>\n<p style=\"text-align: left;\"><strong>Gilles Deleuze<\/strong><\/p>\n<p style=\"text-align: center;\"><em>\u00a0\u00ab\u00a0Expropri\u00e9s de notre culture, d\u00e9pouill\u00e9s des valeurs dont nous \u00e9tions \u00e9pris <\/em><\/p>\n<p style=\"text-align: center;\"><em>-puret\u00e9 de l&rsquo;eau et de l&rsquo;air, gr\u00e2ces de la nature, diversit\u00e9 des esp\u00e8ces animales et v\u00e9g\u00e9tales-,\u00a0<\/em><\/p>\n<p style=\"text-align: center;\"><em>tous indiens d\u00e9sormais, nous sommes en train de faire de nous-m\u00eames ce que nous avons fait d&rsquo;eux.\u00a0\u00bb<\/em><\/p>\n<p><strong>Claude L\u00e9vy-Strauss (<em>Saudades do Brasil<\/em>-Plon-1994)<\/strong><\/p>\n<p align=\"center\"><i>Celui qui combat peut perdre,<\/i><\/p>\n<p align=\"center\"><i>celui qui ne combat pas a d\u00e9j\u00e0 perdu<\/i><\/p>\n<p><strong>Bertolt Brecht<\/strong><\/p>\n<p style=\"text-align: center;\" align=\"justify\"><span style=\"color: #000000;\"><span style=\"font-family: Arial, sans-serif;\"><span style=\"font-size: medium;\"><i>Protester, c&rsquo;est dire, je n&rsquo;aime pas \u00e7a. R\u00e9sister, c&rsquo;est faire cesser ce qu&rsquo;on n&rsquo;aime pas<\/i><\/span><\/span><\/span><\/p>\n<p align=\"justify\"><strong><span style=\"color: #000000;\"><span style=\"font-family: Arial, sans-serif;\"><span style=\"font-size: medium;\">Nelson Mandela<\/span><\/span><\/span><\/strong><\/p>\n<p style=\"text-align: center;\" align=\"justify\"><span style=\"color: #000000;\"><span style=\"font-family: Arial, sans-serif;\"><span style=\"font-size: medium;\"><i>Le racisme est la pire plaie de l\u2019humanit\u00e9. Il triomphe quand on laisse le fascisme prendre le pouvoir.<\/i><\/span><\/span><\/span><\/p>\n<p align=\"justify\"><strong><span style=\"color: #000000;\"><span style=\"font-family: Arial, sans-serif;\"><span style=\"font-size: medium;\">Lucie Aubrac<\/span><\/span><\/span><\/strong><\/p>\n<p style=\"text-align: center;\"><em><span style=\"font-family: Times New Roman, serif;\"><span style=\"font-size: large;\">L\u2019histoire nous dit que toute ob\u00e9issance est une abdication, que toute servitude est une mort anticip\u00e9e.<\/span><\/span><\/em><\/p>\n<p><strong><span style=\"font-family: Times New Roman, serif;\"><span style=\"font-size: large;\">\u00c9lis\u00e9e Reclus, L\u2019\u00c9volution, la r\u00e9volution et l\u2019id\u00e9al anarchique<\/span><\/span><\/strong><\/p>\n<p align=\"center\"><em><span style=\"font-family: Times New Roman, serif;\"><span style=\"font-size: large;\">La technique gouverne pendant que le politique regarde ailleurs<\/span><\/span><\/em><\/p>\n<p><strong><span style=\"font-family: Times New Roman, serif;\"><span style=\"font-size: large;\">Marius Bertolucci, \u00a0l&rsquo;homme diminu\u00e9 par l&rsquo;IA<\/span><\/span><\/strong><\/p>\n<p align=\"center\"><em><span style=\"font-family: Times New Roman, serif;\"><span style=\"font-size: large;\">Il fut un temps, qui n\u2019\u00e9tait pas le Moyen \u00c2ge, o\u00f9 l\u2019on pouvait prendre le train <\/span><\/span><\/em><\/p>\n<p align=\"center\"><em><span style=\"font-family: Times New Roman, serif;\"><span style=\"font-size: large;\">en demeurant anonyme, traverser une ville sans \u00eatre film\u00e9, <\/span><\/span><\/em><\/p>\n<p align=\"center\"><em><span style=\"font-family: Times New Roman, serif;\"><span style=\"font-size: large;\">se sentir d\u2019autant plus libre qu\u2019on ne laissait derri\u00e8re soi nulle trace de son passage. <\/span><\/span><\/em><\/p>\n<p align=\"center\"><em><span style=\"font-family: Times New Roman, serif;\"><span style=\"font-size: large;\">Et pourtant, il y avait d\u00e9j\u00e0 des enl\u00e8vements d\u2019enfants, des attentats terroristes, <\/span><\/span><\/em><\/p>\n<p align=\"center\"><em><span style=\"font-family: Times New Roman, serif;\"><span style=\"font-size: large;\">des \u00e9pid\u00e9mies \u2014 et m\u00eame des guerres.<\/span><\/span><\/em><\/p>\n<p><strong><span style=\"font-family: Times New Roman, serif;\"><span style=\"font-size: large;\">Serge Halimi<\/span><\/span><\/strong><\/p>\n<p align=\"center\"><em><span style=\"font-family: Times New Roman, serif;\"><span style=\"font-size: large;\">Ils n\u2019ont pas besoin de nous r\u00e9primer, il leur suffit que nous soyons d\u00e9prim\u00e9s<\/span><\/span><\/em><\/p>\n<p><strong><span style=\"font-family: Times New Roman, serif;\"><span style=\"font-size: large;\">Gilles Deleuze<\/span><\/span><\/strong><\/p>\n<p align=\"center\"><em><span style=\"color: #000000;\"><span style=\"font-family: Times New Roman, serif;\"><span style=\"font-size: large;\">Point n&rsquo;est besoin d&rsquo;esp\u00e9rer pour entreprendre, ni de r\u00e9ussir pour pers\u00e9v\u00e9rer<\/span><\/span><\/span><\/em><\/p>\n<p><strong><span style=\"color: #000000;\"><span style=\"font-family: Times New Roman, serif;\"><span style=\"font-size: large;\">Guillaume d\u2019Orange<\/span><\/span><\/span><\/strong><\/p>\n<p align=\"center\"><span style=\"color: #000000;\"><span style=\"font-family: Times New Roman, serif;\"><span style=\"font-size: large;\"><i>Les partis ne pensent pas. Ils pensent moins que le peuple. <\/i><\/span><\/span><\/span><\/p>\n<p><span style=\"font-family: Times New Roman, serif;\"><span style=\"font-size: large;\"><span style=\"color: #000000;\"><span lang=\"fr-FR\"><b>Simone Weil, sur la suppression ge\u0301ne\u0301rale des partis politiques<\/b><\/span><\/span><\/span><\/span><\/p>\n<p align=\"center\"><em><span style=\"font-family: Times New Roman, serif;\"><span style=\"font-size: large;\">Ce qu\u2019ils appellent \u00ab th\u00e9orie du complot \u00bb se nommait auparavant esprit critique et \u00e9tait consid\u00e9r\u00e9 comme salutaire pour une d\u00e9mocratie.<\/span><\/span><\/em><\/p>\n<p align=\"center\"><em><span style=\"font-family: Times New Roman, serif;\"><span style=\"font-size: large;\">La \u00ab th\u00e9orie du complot \u00bb c\u2019est le fait de s\u2019interroger sur la v\u00e9racit\u00e9 des discours politiques, et se demander \u00e0 qui profite le crime.<\/span><\/span><\/em><\/p>\n<p><strong><span style=\"font-family: Times New Roman, serif;\"><span style=\"font-size: large;\">Ariane Walter<\/span><\/span><\/strong><i> <\/i><\/p>\n<p align=\"center\"><em><span style=\"font-family: Times New Roman, serif;\"><span style=\"font-size: large;\">Ne laissez pas ceux qui ont le pouvoir vous intimider<\/span><\/span><\/em><\/p>\n<p align=\"center\"><em><span style=\"font-family: Times New Roman, serif;\"><span style=\"font-size: large;\">Trouvez des personnes qui partagent vos valeurs et qui ne soient pas d\u00e9pourvues d&rsquo;humour<\/span><\/span><\/em><\/p>\n<p align=\"center\"><em><span style=\"font-family: Times New Roman, serif;\"><span style=\"font-size: large;\">Soyez assur\u00e9s que vous \u00eates mille fois plus nombreux que vous ne le percevez<\/span><\/span><\/em><\/p>\n<p align=\"center\"><em><span style=\"font-family: Times New Roman, serif;\"><span style=\"font-size: large;\">Rappelez-vous que ceux qui d\u00e9tiennent le pouvoir et paraissent invuln\u00e9rables sont en r\u00e9alit\u00e9 tr\u00e8s vuln\u00e9rables et que leur pouvoir ne d\u00e9pend que de l&rsquo;ob\u00e9issance des autres<\/span><\/span><\/em><\/p>\n<p align=\"center\"><em><span style=\"font-family: Times New Roman, serif;\"><span style=\"font-size: large;\">Envisagez un combat continuel, avec des victoires et des d\u00e9faites, mais avec le long terme, croyez en un accroissement de la conscience collective<\/span><\/span><\/em><\/p>\n<p align=\"left\"><strong><span style=\"font-family: Times New Roman, serif;\"><span style=\"font-size: large;\">Howard ZINN<\/span><\/span><\/strong><\/p>\n<p align=\"center\"><em><span style=\"font-family: Times New Roman, serif;\"><span style=\"font-size: large;\">Ce n\u2019est pas tant la robotisation de la production qui menace l\u2019homme d\u2019un irr\u00e9m\u00e9diable asservissement que la robotisation simultan\u00e9e de l\u2019homme lui-m\u00eame.<\/span><\/span><\/em><\/p>\n<p><strong><span style=\"font-family: Times New Roman, serif;\"><span style=\"font-size: large;\">Edward Abbey<\/span><\/span><\/strong><\/p>\n<p align=\"center\"><em><span style=\"font-family: Times New Roman, serif;\"><span style=\"font-size: large;\">Le num\u00e9rique sera une dictature<\/span><\/span><\/em><\/p>\n<p align=\"left\"><strong><span style=\"font-family: Times New Roman, serif;\"><span style=\"font-size: large;\">Jean Luc Godard<\/span><\/span><\/strong><\/p>\n<p align=\"center\"><em><span style=\"font-family: Times New Roman, serif;\"><span style=\"font-size: large;\">Tout seul, on va plus vite ; ensemble, on va plus loin<\/span><\/span><\/em><\/p>\n<p><strong><span style=\"font-family: Times New Roman, serif;\"><span style=\"font-size: large;\">Proverbe africain<\/span><\/span><\/strong><\/p>\n<p align=\"center\"><em><span style=\"font-family: Times New Roman, serif;\"><span style=\"font-size: large;\">L\u2019entreprise m\u00e9dicale menace la sant\u00e9. <\/span><\/span><\/em><\/p>\n<p align=\"center\"><em><span style=\"font-family: Times New Roman, serif;\"><span style=\"font-size: large;\">L\u2019effect incapaci\u00adtante produit de la gestion professionnelle de la m\u00e9decine <\/span><\/span><\/em><\/p>\n<p align=\"center\"><em><span style=\"font-family: Times New Roman, serif;\"><span style=\"font-size: large;\">a atteint les proportions d\u2019une \u00e9pid\u00e9mie. <\/span><\/span><\/em><\/p>\n<p><strong><span style=\"font-family: Times New Roman, serif;\"><span style=\"font-size: large;\">Ivan Illich<\/span><\/span><\/strong><\/p>\n<p align=\"center\"><em><span style=\"font-family: Times New Roman, serif;\"><span style=\"font-size: large;\">La technologie moderne est devenue un ph\u00e9nom\u00e8ne total pour la civilisation, <\/span><\/span><\/em><\/p>\n<p align=\"center\"><em><span style=\"font-family: Times New Roman, serif;\"><span style=\"font-size: large;\">la d\u00e9finition d\u2019un nouvel ordre social dans lequel l\u2019efficacit\u00e9 n\u2019est plus une option <\/span><\/span><\/em><\/p>\n<p align=\"center\"><em><span style=\"font-family: Times New Roman, serif;\"><span style=\"font-size: large;\">mais une n\u00e9cessit\u00e9 impos\u00e9e sur toutes les activit\u00e9s humaines. <\/span><\/span><\/em><\/p>\n<p><strong><span style=\"font-family: Times New Roman, serif;\"><span style=\"font-size: large;\">Jacques Ellul<\/span><\/span><\/strong><\/p>\n<p align=\"left\"><em><span style=\"font-family: Times New Roman, serif;\"><span style=\"font-size: large;\">On nous pr\u00e9pare un monde invivable et totalement d\u00e9shumanis\u00e9 ; la 5G est une technologie importante dans cette optique\u00a0<\/span><\/span><\/em><\/p>\n<p align=\"justify\"><em><span style=\"font-family: Times New Roman, serif;\"><span style=\"font-size: large;\">On d\u00e9shumanise aussi les populations ; il serait urgent de d\u00e9num\u00e9riser le monde.<\/span><\/span><\/em><\/p>\n","protected":false},"excerpt":{"rendered":"<p>&nbsp; On est pass\u00e9s du gouvernement des hommes \u00e0 la gestion technicienne du cheptel humain ??? Ils ont invent\u00e9 des machines pour gagner du temps, mais maintenant ils passent tout leur temps \u00e0 regarder les&#8230;<\/p>\n","protected":false},"author":2,"featured_media":0,"parent":0,"menu_order":0,"comment_status":"closed","ping_status":"closed","template":"","meta":{"footnotes":""},"class_list":["post-21","page","type-page","status-publish","hentry"],"_links":{"self":[{"href":"https:\/\/www.quieryavenir.fr\/blog\/wp-json\/wp\/v2\/pages\/21","targetHints":{"allow":["GET"]}}],"collection":[{"href":"https:\/\/www.quieryavenir.fr\/blog\/wp-json\/wp\/v2\/pages"}],"about":[{"href":"https:\/\/www.quieryavenir.fr\/blog\/wp-json\/wp\/v2\/types\/page"}],"author":[{"embeddable":true,"href":"https:\/\/www.quieryavenir.fr\/blog\/wp-json\/wp\/v2\/users\/2"}],"replies":[{"embeddable":true,"href":"https:\/\/www.quieryavenir.fr\/blog\/wp-json\/wp\/v2\/comments?post=21"}],"version-history":[{"count":324,"href":"https:\/\/www.quieryavenir.fr\/blog\/wp-json\/wp\/v2\/pages\/21\/revisions"}],"predecessor-version":[{"id":16330,"href":"https:\/\/www.quieryavenir.fr\/blog\/wp-json\/wp\/v2\/pages\/21\/revisions\/16330"}],"wp:attachment":[{"href":"https:\/\/www.quieryavenir.fr\/blog\/wp-json\/wp\/v2\/media?parent=21"}],"curies":[{"name":"wp","href":"https:\/\/api.w.org\/{rel}","templated":true}]}}